{"id":914,"date":"2025-05-07T19:15:23","date_gmt":"2025-05-07T19:15:23","guid":{"rendered":"http:\/\/imprimerie-cholet.fr\/printalya\/?page_id=914"},"modified":"2025-08-15T10:19:17","modified_gmt":"2025-08-15T10:19:17","slug":"nous-contacter-2","status":"publish","type":"page","link":"https:\/\/imprimerie-cholet.fr\/printalya\/nous-contacter-2\/","title":{"rendered":"Nous contacter"},"content":{"rendered":"\t\t<div data-elementor-type=\"wp-page\" data-elementor-id=\"914\" class=\"elementor elementor-914\">\n\t\t\t\t\t\t<section class=\"elementor-section elementor-top-section elementor-element elementor-element-34952b00 elementor-section-boxed elementor-section-height-default elementor-section-height-default\" data-id=\"34952b00\" data-element_type=\"section\" data-settings=\"{&quot;background_background&quot;:&quot;classic&quot;}\">\n\t\t\t\t\t\t\t<div class=\"elementor-background-overlay\"><\/div>\n\t\t\t\t\t\t\t<div class=\"elementor-container elementor-column-gap-default\">\n\t\t\t\t\t<div class=\"elementor-column elementor-col-100 elementor-top-column elementor-element elementor-element-71d48400\" data-id=\"71d48400\" data-element_type=\"column\">\n\t\t\t<div class=\"elementor-widget-wrap elementor-element-populated\">\n\t\t\t\t\t\t<div class=\"elementor-element elementor-element-2c8f9a83 elementor-widget elementor-widget-heading\" data-id=\"2c8f9a83\" data-element_type=\"widget\" data-widget_type=\"heading.default\">\n\t\t\t\t<div class=\"elementor-widget-container\">\n\t\t\t\t\t<h1 class=\"elementor-heading-title elementor-size-default\">Nous contacter<\/h1>\t\t\t\t<\/div>\n\t\t\t\t<\/div>\n\t\t\t\t\t<\/div>\n\t\t<\/div>\n\t\t\t\t\t<\/div>\n\t\t<\/section>\n\t\t\t\t<section class=\"elementor-section elementor-top-section elementor-element elementor-element-40468055 elementor-section-content-middle elementor-section-boxed elementor-section-height-default elementor-section-height-default\" data-id=\"40468055\" data-element_type=\"section\" data-settings=\"{&quot;background_background&quot;:&quot;classic&quot;}\">\n\t\t\t\t\t\t<div class=\"elementor-container elementor-column-gap-default\">\n\t\t\t\t\t<div class=\"elementor-column elementor-col-50 elementor-top-column elementor-element elementor-element-163696ec\" data-id=\"163696ec\" data-element_type=\"column\">\n\t\t\t<div class=\"elementor-widget-wrap elementor-element-populated\">\n\t\t\t\t\t\t<div class=\"elementor-element elementor-element-ae81e33 elementor-widget elementor-widget-image\" data-id=\"ae81e33\" data-element_type=\"widget\" data-widget_type=\"image.default\">\n\t\t\t\t<div class=\"elementor-widget-container\">\n\t\t\t\t\t\t\t\t\t\t\t\t\t\t\t<img fetchpriority=\"high\" decoding=\"async\" width=\"500\" height=\"500\" src=\"https:\/\/imprimerie-cholet.fr\/printalya\/wp-content\/uploads\/2025\/04\/1566464988182.jpg\" class=\"attachment-full size-full wp-image-199\" alt=\"\" srcset=\"https:\/\/imprimerie-cholet.fr\/printalya\/wp-content\/uploads\/2025\/04\/1566464988182.jpg 500w, https:\/\/imprimerie-cholet.fr\/printalya\/wp-content\/uploads\/2025\/04\/1566464988182-300x300.jpg 300w, https:\/\/imprimerie-cholet.fr\/printalya\/wp-content\/uploads\/2025\/04\/1566464988182-150x150.jpg 150w, https:\/\/imprimerie-cholet.fr\/printalya\/wp-content\/uploads\/2025\/04\/1566464988182-100x100.jpg 100w\" sizes=\"(max-width: 500px) 100vw, 500px\" \/>\t\t\t\t\t\t\t\t\t\t\t\t\t\t\t<\/div>\n\t\t\t\t<\/div>\n\t\t\t\t\t<\/div>\n\t\t<\/div>\n\t\t\t\t<div class=\"elementor-column elementor-col-50 elementor-top-column elementor-element elementor-element-93c94b\" data-id=\"93c94b\" data-element_type=\"column\">\n\t\t\t<div class=\"elementor-widget-wrap elementor-element-populated\">\n\t\t\t\t\t\t<div class=\"elementor-element elementor-element-10428b62 elementor-widget elementor-widget-text-editor\" data-id=\"10428b62\" data-element_type=\"widget\" data-widget_type=\"text-editor.default\">\n\t\t\t\t<div class=\"elementor-widget-container\">\n\t\t\t\t\t\t\t\t\t<p>Vous pouvez prendre contact ici :<\/p>\t\t\t\t\t\t\t\t<\/div>\n\t\t\t\t<\/div>\n\t\t\t\t<div class=\"elementor-element elementor-element-4a9b8093 elementor-widget elementor-widget-heading\" data-id=\"4a9b8093\" data-element_type=\"widget\" data-widget_type=\"heading.default\">\n\t\t\t\t<div class=\"elementor-widget-container\">\n\t\t\t\t\t<h2 class=\"elementor-heading-title elementor-size-default\">Nous contacter par mail ou bien par t\u00e9l\u00e9phone :<\/h2>\t\t\t\t<\/div>\n\t\t\t\t<\/div>\n\t\t\t\t<div class=\"elementor-element elementor-element-22a9821d elementor-widget elementor-widget-text-editor\" data-id=\"22a9821d\" data-element_type=\"widget\" data-widget_type=\"text-editor.default\">\n\t\t\t\t<div class=\"elementor-widget-container\">\n\t\t\t\t\t\t\t\t\t<p>Pour que l&#8217;on puisse rapidement prendre en compte votre demande ou si vous avez des questions.<\/p><p>Veuillez nous contacter par mail ou bien par t\u00e9l\u00e9phone aux informations de contact ci-dessous, ou au niveau du haut de page.<\/p>\t\t\t\t\t\t\t\t<\/div>\n\t\t\t\t<\/div>\n\t\t<div class=\"elementor-element elementor-element-ebed84a e-grid e-con-boxed e-con e-parent\" data-id=\"ebed84a\" data-element_type=\"container\">\n\t\t\t\t\t<div class=\"e-con-inner\">\n\t\t\t\t<div class=\"elementor-element elementor-element-fff7f9f elementor-view-framed elementor-shape-square elementor-widget elementor-widget-icon\" data-id=\"fff7f9f\" data-element_type=\"widget\" data-widget_type=\"icon.default\">\n\t\t\t\t<div class=\"elementor-widget-container\">\n\t\t\t\t\t\t\t<div class=\"elementor-icon-wrapper\">\n\t\t\t<div class=\"elementor-icon\">\n\t\t\t<svg aria-hidden=\"true\" class=\"e-font-icon-svg e-fas-building\" viewBox=\"0 0 448 512\" xmlns=\"http:\/\/www.w3.org\/2000\/svg\"><path d=\"M436 480h-20V24c0-13.255-10.745-24-24-24H56C42.745 0 32 10.745 32 24v456H12c-6.627 0-12 5.373-12 12v20h448v-20c0-6.627-5.373-12-12-12zM128 76c0-6.627 5.373-12 12-12h40c6.627 0 12 5.373 12 12v40c0 6.627-5.373 12-12 12h-40c-6.627 0-12-5.373-12-12V76zm0 96c0-6.627 5.373-12 12-12h40c6.627 0 12 5.373 12 12v40c0 6.627-5.373 12-12 12h-40c-6.627 0-12-5.373-12-12v-40zm52 148h-40c-6.627 0-12-5.373-12-12v-40c0-6.627 5.373-12 12-12h40c6.627 0 12 5.373 12 12v40c0 6.627-5.373 12-12 12zm76 160h-64v-84c0-6.627 5.373-12 12-12h40c6.627 0 12 5.373 12 12v84zm64-172c0 6.627-5.373 12-12 12h-40c-6.627 0-12-5.373-12-12v-40c0-6.627 5.373-12 12-12h40c6.627 0 12 5.373 12 12v40zm0-96c0 6.627-5.373 12-12 12h-40c-6.627 0-12-5.373-12-12v-40c0-6.627 5.373-12 12-12h40c6.627 0 12 5.373 12 12v40zm0-96c0 6.627-5.373 12-12 12h-40c-6.627 0-12-5.373-12-12V76c0-6.627 5.373-12 12-12h40c6.627 0 12 5.373 12 12v40z\"><\/path><\/svg>\t\t\t<\/div>\n\t\t<\/div>\n\t\t\t\t\t\t<\/div>\n\t\t\t\t<\/div>\n\t\t\t\t<div class=\"elementor-element elementor-element-a64c9c7 elementor-widget elementor-widget-text-editor\" data-id=\"a64c9c7\" data-element_type=\"widget\" data-widget_type=\"text-editor.default\">\n\t\t\t\t<div class=\"elementor-widget-container\">\n\t\t\t\t\t\t\t\t\t<h5><strong>8 Avenue de la Tessoualle 49300 Cholet<\/strong><\/h5><h5><strong>T\u00e9l : 02 41 56 02 02<\/strong><\/h5><h5><strong>Email : contact@printalya.fr<\/strong><\/h5>\t\t\t\t\t\t\t\t<\/div>\n\t\t\t\t<\/div>\n\t\t\t\t\t<\/div>\n\t\t\t\t<\/div>\n\t\t\t\t\t<\/div>\n\t\t<\/div>\n\t\t\t\t\t<\/div>\n\t\t<\/section>\n\t\t\t\t<section class=\"elementor-section elementor-top-section elementor-element elementor-element-a4fd20a elementor-section-boxed elementor-section-height-default elementor-section-height-default\" data-id=\"a4fd20a\" data-element_type=\"section\">\n\t\t\t\t\t\t<div class=\"elementor-container elementor-column-gap-default\">\n\t\t\t\t\t<div class=\"elementor-column elementor-col-50 elementor-top-column elementor-element elementor-element-77c21bac\" data-id=\"77c21bac\" data-element_type=\"column\">\n\t\t\t<div class=\"elementor-widget-wrap elementor-element-populated\">\n\t\t\t\t\t\t<div class=\"elementor-element elementor-element-69b8554e elementor-widget elementor-widget-google_maps\" data-id=\"69b8554e\" data-element_type=\"widget\" data-widget_type=\"google_maps.default\">\n\t\t\t\t<div class=\"elementor-widget-container\">\n\t\t\t\t\t\t\t<div class=\"elementor-custom-embed\">\n\t\t\t<iframe loading=\"lazy\"\n\t\t\t\t\tsrc=\"https:\/\/maps.google.com\/maps?q=Printalya%2022%20rue%20terre%20neuve&#038;t=m&#038;z=17&#038;output=embed&#038;iwloc=near\"\n\t\t\t\t\ttitle=\"Printalya 22 rue terre neuve\"\n\t\t\t\t\taria-label=\"Printalya 22 rue terre neuve\"\n\t\t\t><\/iframe>\n\t\t<\/div>\n\t\t\t\t\t\t<\/div>\n\t\t\t\t<\/div>\n\t\t\t\t\t<\/div>\n\t\t<\/div>\n\t\t\t\t<div class=\"elementor-column elementor-col-50 elementor-top-column elementor-element elementor-element-159f3eea\" data-id=\"159f3eea\" data-element_type=\"column\">\n\t\t\t<div class=\"elementor-widget-wrap\">\n\t\t\t\t\t\t\t<\/div>\n\t\t<\/div>\n\t\t\t\t\t<\/div>\n\t\t<\/section>\n\t\t\t\t<\/div>\n\t\t","protected":false},"excerpt":{"rendered":"<p>Nous contacter Vous pouvez prendre contact ici : Nous contacter par mail ou bien par t\u00e9l\u00e9phone : Pour que l&#8217;on puisse rapidement prendre en compte votre demande ou si vous avez des questions. Veuillez nous contacter par mail ou bien par t\u00e9l\u00e9phone aux informations de contact ci-dessous, ou au niveau du haut de page. 8 [&hellip;]<\/p>\n","protected":false},"author":1,"featured_media":0,"parent":0,"menu_order":0,"comment_status":"closed","ping_status":"closed","template":"","meta":{"footnotes":""},"class_list":["post-914","page","type-page","status-publish","hentry"],"yoast_head":"<!-- This site is optimized with the Yoast SEO plugin v25.7 - https:\/\/yoast.com\/wordpress\/plugins\/seo\/ -->\n<title>Nous contacter - Printalya<\/title>\n<meta name=\"description\" content=\"Imprimerie pour professionnels : contactez Printalya pour vos supports personnalis\u00e9s, durables et adapt\u00e9s \u00e0 vos besoins partout en local.\" \/>\n<meta name=\"robots\" content=\"index, follow, max-snippet:-1, max-image-preview:large, max-video-preview:-1\" \/>\n<link rel=\"canonical\" href=\"https:\/\/imprimerie-cholet.fr\/printalya\/nous-contacter-2\/\" \/>\n<meta property=\"og:locale\" content=\"en_US\" \/>\n<meta property=\"og:type\" content=\"article\" \/>\n<meta property=\"og:title\" content=\"Nous contacter - Printalya\" \/>\n<meta property=\"og:description\" content=\"Imprimerie pour professionnels : contactez Printalya pour vos supports personnalis\u00e9s, durables et adapt\u00e9s \u00e0 vos besoins partout en local.\" \/>\n<meta property=\"og:url\" content=\"https:\/\/imprimerie-cholet.fr\/printalya\/nous-contacter-2\/\" \/>\n<meta property=\"og:site_name\" content=\"Printalya\" \/>\n<meta property=\"article:modified_time\" content=\"2025-08-15T10:19:17+00:00\" \/>\n<meta property=\"og:image\" content=\"http:\/\/imprimerie-cholet.fr\/printalya\/wp-content\/uploads\/2025\/04\/1566464988182.jpg\" \/>\n<meta name=\"twitter:card\" content=\"summary_large_image\" \/>\n<meta name=\"twitter:label1\" content=\"Est. reading time\" \/>\n\t<meta name=\"twitter:data1\" content=\"1 minute\" \/>\n<script type=\"application\/ld+json\" class=\"yoast-schema-graph\">{\"@context\":\"https:\/\/schema.org\",\"@graph\":[{\"@type\":\"WebPage\",\"@id\":\"https:\/\/imprimerie-cholet.fr\/printalya\/nous-contacter-2\/\",\"url\":\"https:\/\/imprimerie-cholet.fr\/printalya\/nous-contacter-2\/\",\"name\":\"Nous contacter - Printalya\",\"isPartOf\":{\"@id\":\"https:\/\/imprimerie-cholet.fr\/printalya\/#website\"},\"primaryImageOfPage\":{\"@id\":\"https:\/\/imprimerie-cholet.fr\/printalya\/nous-contacter-2\/#primaryimage\"},\"image\":{\"@id\":\"https:\/\/imprimerie-cholet.fr\/printalya\/nous-contacter-2\/#primaryimage\"},\"thumbnailUrl\":\"http:\/\/imprimerie-cholet.fr\/printalya\/wp-content\/uploads\/2025\/04\/1566464988182.jpg\",\"datePublished\":\"2025-05-07T19:15:23+00:00\",\"dateModified\":\"2025-08-15T10:19:17+00:00\",\"description\":\"Imprimerie pour professionnels : contactez Printalya pour vos supports personnalis\u00e9s, durables et adapt\u00e9s \u00e0 vos besoins partout en local.\",\"breadcrumb\":{\"@id\":\"https:\/\/imprimerie-cholet.fr\/printalya\/nous-contacter-2\/#breadcrumb\"},\"inLanguage\":\"en-US\",\"potentialAction\":[{\"@type\":\"ReadAction\",\"target\":[\"https:\/\/imprimerie-cholet.fr\/printalya\/nous-contacter-2\/\"]}]},{\"@type\":\"ImageObject\",\"inLanguage\":\"en-US\",\"@id\":\"https:\/\/imprimerie-cholet.fr\/printalya\/nous-contacter-2\/#primaryimage\",\"url\":\"https:\/\/imprimerie-cholet.fr\/printalya\/wp-content\/uploads\/2025\/04\/1566464988182.jpg\",\"contentUrl\":\"https:\/\/imprimerie-cholet.fr\/printalya\/wp-content\/uploads\/2025\/04\/1566464988182.jpg\",\"width\":500,\"height\":500},{\"@type\":\"BreadcrumbList\",\"@id\":\"https:\/\/imprimerie-cholet.fr\/printalya\/nous-contacter-2\/#breadcrumb\",\"itemListElement\":[{\"@type\":\"ListItem\",\"position\":1,\"name\":\"Home\",\"item\":\"https:\/\/imprimerie-cholet.fr\/printalya\/\"},{\"@type\":\"ListItem\",\"position\":2,\"name\":\"Nous contacter\"}]},{\"@type\":\"WebSite\",\"@id\":\"https:\/\/imprimerie-cholet.fr\/printalya\/#website\",\"url\":\"https:\/\/imprimerie-cholet.fr\/printalya\/\",\"name\":\"Printalya\",\"description\":\"\",\"publisher\":{\"@id\":\"https:\/\/imprimerie-cholet.fr\/printalya\/#organization\"},\"potentialAction\":[{\"@type\":\"SearchAction\",\"target\":{\"@type\":\"EntryPoint\",\"urlTemplate\":\"https:\/\/imprimerie-cholet.fr\/printalya\/?s={search_term_string}\"},\"query-input\":{\"@type\":\"PropertyValueSpecification\",\"valueRequired\":true,\"valueName\":\"search_term_string\"}}],\"inLanguage\":\"en-US\"},{\"@type\":\"Organization\",\"@id\":\"https:\/\/imprimerie-cholet.fr\/printalya\/#organization\",\"name\":\"Printalya\",\"url\":\"https:\/\/imprimerie-cholet.fr\/printalya\/\",\"logo\":{\"@type\":\"ImageObject\",\"inLanguage\":\"en-US\",\"@id\":\"https:\/\/imprimerie-cholet.fr\/printalya\/#\/schema\/logo\/image\/\",\"url\":\"http:\/\/imprimerie-cholet.fr\/printalya\/wp-content\/uploads\/2025\/04\/unnamed.jpg\",\"contentUrl\":\"http:\/\/imprimerie-cholet.fr\/printalya\/wp-content\/uploads\/2025\/04\/unnamed.jpg\",\"width\":265,\"height\":265,\"caption\":\"Printalya\"},\"image\":{\"@id\":\"https:\/\/imprimerie-cholet.fr\/printalya\/#\/schema\/logo\/image\/\"},\"sameAs\":[\"https:\/\/www.linkedin.com\/in\/simon-bereaud-bab311185\/\"]}]}<\/script>\n<!-- \/ Yoast SEO plugin. -->","yoast_head_json":{"title":"Nous contacter - Printalya","description":"Imprimerie pour professionnels : contactez Printalya pour vos supports personnalis\u00e9s, durables et adapt\u00e9s \u00e0 vos besoins partout en local.","robots":{"index":"index","follow":"follow","max-snippet":"max-snippet:-1","max-image-preview":"max-image-preview:large","max-video-preview":"max-video-preview:-1"},"canonical":"https:\/\/imprimerie-cholet.fr\/printalya\/nous-contacter-2\/","og_locale":"en_US","og_type":"article","og_title":"Nous contacter - Printalya","og_description":"Imprimerie pour professionnels : contactez Printalya pour vos supports personnalis\u00e9s, durables et adapt\u00e9s \u00e0 vos besoins partout en local.","og_url":"https:\/\/imprimerie-cholet.fr\/printalya\/nous-contacter-2\/","og_site_name":"Printalya","article_modified_time":"2025-08-15T10:19:17+00:00","og_image":[{"url":"http:\/\/imprimerie-cholet.fr\/printalya\/wp-content\/uploads\/2025\/04\/1566464988182.jpg","type":"","width":"","height":""}],"twitter_card":"summary_large_image","twitter_misc":{"Est. reading time":"1 minute"},"schema":{"@context":"https:\/\/schema.org","@graph":[{"@type":"WebPage","@id":"https:\/\/imprimerie-cholet.fr\/printalya\/nous-contacter-2\/","url":"https:\/\/imprimerie-cholet.fr\/printalya\/nous-contacter-2\/","name":"Nous contacter - Printalya","isPartOf":{"@id":"https:\/\/imprimerie-cholet.fr\/printalya\/#website"},"primaryImageOfPage":{"@id":"https:\/\/imprimerie-cholet.fr\/printalya\/nous-contacter-2\/#primaryimage"},"image":{"@id":"https:\/\/imprimerie-cholet.fr\/printalya\/nous-contacter-2\/#primaryimage"},"thumbnailUrl":"http:\/\/imprimerie-cholet.fr\/printalya\/wp-content\/uploads\/2025\/04\/1566464988182.jpg","datePublished":"2025-05-07T19:15:23+00:00","dateModified":"2025-08-15T10:19:17+00:00","description":"Imprimerie pour professionnels : contactez Printalya pour vos supports personnalis\u00e9s, durables et adapt\u00e9s \u00e0 vos besoins partout en local.","breadcrumb":{"@id":"https:\/\/imprimerie-cholet.fr\/printalya\/nous-contacter-2\/#breadcrumb"},"inLanguage":"en-US","potentialAction":[{"@type":"ReadAction","target":["https:\/\/imprimerie-cholet.fr\/printalya\/nous-contacter-2\/"]}]},{"@type":"ImageObject","inLanguage":"en-US","@id":"https:\/\/imprimerie-cholet.fr\/printalya\/nous-contacter-2\/#primaryimage","url":"https:\/\/imprimerie-cholet.fr\/printalya\/wp-content\/uploads\/2025\/04\/1566464988182.jpg","contentUrl":"https:\/\/imprimerie-cholet.fr\/printalya\/wp-content\/uploads\/2025\/04\/1566464988182.jpg","width":500,"height":500},{"@type":"BreadcrumbList","@id":"https:\/\/imprimerie-cholet.fr\/printalya\/nous-contacter-2\/#breadcrumb","itemListElement":[{"@type":"ListItem","position":1,"name":"Home","item":"https:\/\/imprimerie-cholet.fr\/printalya\/"},{"@type":"ListItem","position":2,"name":"Nous contacter"}]},{"@type":"WebSite","@id":"https:\/\/imprimerie-cholet.fr\/printalya\/#website","url":"https:\/\/imprimerie-cholet.fr\/printalya\/","name":"Printalya","description":"","publisher":{"@id":"https:\/\/imprimerie-cholet.fr\/printalya\/#organization"},"potentialAction":[{"@type":"SearchAction","target":{"@type":"EntryPoint","urlTemplate":"https:\/\/imprimerie-cholet.fr\/printalya\/?s={search_term_string}"},"query-input":{"@type":"PropertyValueSpecification","valueRequired":true,"valueName":"search_term_string"}}],"inLanguage":"en-US"},{"@type":"Organization","@id":"https:\/\/imprimerie-cholet.fr\/printalya\/#organization","name":"Printalya","url":"https:\/\/imprimerie-cholet.fr\/printalya\/","logo":{"@type":"ImageObject","inLanguage":"en-US","@id":"https:\/\/imprimerie-cholet.fr\/printalya\/#\/schema\/logo\/image\/","url":"http:\/\/imprimerie-cholet.fr\/printalya\/wp-content\/uploads\/2025\/04\/unnamed.jpg","contentUrl":"http:\/\/imprimerie-cholet.fr\/printalya\/wp-content\/uploads\/2025\/04\/unnamed.jpg","width":265,"height":265,"caption":"Printalya"},"image":{"@id":"https:\/\/imprimerie-cholet.fr\/printalya\/#\/schema\/logo\/image\/"},"sameAs":["https:\/\/www.linkedin.com\/in\/simon-bereaud-bab311185\/"]}]}},"_links":{"self":[{"href":"https:\/\/imprimerie-cholet.fr\/printalya\/wp-json\/wp\/v2\/pages\/914","targetHints":{"allow":["GET"]}}],"collection":[{"href":"https:\/\/imprimerie-cholet.fr\/printalya\/wp-json\/wp\/v2\/pages"}],"about":[{"href":"https:\/\/imprimerie-cholet.fr\/printalya\/wp-json\/wp\/v2\/types\/page"}],"author":[{"embeddable":true,"href":"https:\/\/imprimerie-cholet.fr\/printalya\/wp-json\/wp\/v2\/users\/1"}],"replies":[{"embeddable":true,"href":"https:\/\/imprimerie-cholet.fr\/printalya\/wp-json\/wp\/v2\/comments?post=914"}],"version-history":[{"count":31,"href":"https:\/\/imprimerie-cholet.fr\/printalya\/wp-json\/wp\/v2\/pages\/914\/revisions"}],"predecessor-version":[{"id":1455,"href":"https:\/\/imprimerie-cholet.fr\/printalya\/wp-json\/wp\/v2\/pages\/914\/revisions\/1455"}],"wp:attachment":[{"href":"https:\/\/imprimerie-cholet.fr\/printalya\/wp-json\/wp\/v2\/media?parent=914"}],"curies":[{"name":"wp","href":"https:\/\/api.w.org\/{rel}","templated":true}]}}